{"id":429,"date":"2026-03-24T09:29:20","date_gmt":"2026-03-24T09:29:20","guid":{"rendered":"https:\/\/dev.easychip-server-02.de\/?page_id=429"},"modified":"2026-03-24T09:29:21","modified_gmt":"2026-03-24T09:29:21","slug":"referenzen","status":"publish","type":"page","link":"https:\/\/dev.easychip-server-02.de\/?page_id=429","title":{"rendered":"Referenzen"},"content":{"rendered":"\n[et_pb_section fb_built=&#8220;1&#8243; _builder_version=&#8220;4.20.4&#8243; _module_preset=&#8220;default&#8220; hover_enabled=&#8220;0&#8243; da_disable_devices=&#8220;off|off|off&#8220; global_colors_info=&#8220;{}&#8220; title_text=&#8220;Design ohne Titel(7)&#8220; background_image=&#8220;https:\/\/dev.easychip-server-02.de\/wp-content\/uploads\/2026\/03\/Design-ohne-Titel7.png&#8220; sticky_enabled=&#8220;0&#8243; custom_padding=&#8220;||0px|||&#8220; min_height=&#8220;421.3px&#8220; da_is_popup=&#8220;off&#8220; da_exit_intent=&#8220;off&#8220; da_has_close=&#8220;on&#8220; da_alt_close=&#8220;off&#8220; da_dark_close=&#8220;off&#8220; da_not_modal=&#8220;on&#8220; da_is_singular=&#8220;off&#8220; da_with_loader=&#8220;off&#8220; da_has_shadow=&#8220;on&#8220;][et_pb_row _builder_version=&#8220;4.20.4&#8243; _module_preset=&#8220;default&#8220; custom_padding=&#8220;||4px|||&#8220; global_colors_info=&#8220;{}&#8220; locked=&#8220;off&#8220; custom_margin=&#8220;50px|auto||auto||&#8220;][et_pb_column type=&#8220;4_4&#8243; _builder_version=&#8220;4.20.4&#8243; _module_preset=&#8220;default&#8220; global_colors_info=&#8220;{}&#8220;][et_pb_text _builder_version=&#8220;4.20.4&#8243; _module_preset=&#8220;default&#8220; min_height=&#8220;61.8px&#8220; global_colors_info=&#8220;{}&#8220;]<h2><strong>Gemeinsam st\u00e4rker!<\/strong> <span style=\"color: #ffffff;\">Partner, auf die wir (und Sie) bauen k\u00f6nnen.<\/span><\/h2>[\/et_pb_text][et_pb_text _builder_version=&#8220;4.20.4&#8243; _module_preset=&#8220;default&#8220; custom_margin=&#8220;-12px||61px|||&#8220; global_colors_info=&#8220;{}&#8220;]<p>In der IT-Welt ist niemand eine Insel. Um Ihnen IT-L\u00f6sungen auf h\u00f6chstem Niveau zu biten, setzen wir auf ein \u00d6kosystem aus Weltmarktf\u00fchrern, innovations-Treibern und speziallisierten Experten<\/p>[\/et_pb_text][\/et_pb_column][\/et_pb_row][\/et_pb_section][et_pb_section fb_built=&#8220;1&#8243; _builder_version=&#8220;4.20.4&#8243; _module_preset=&#8220;default&#8220; background_color=&#8220;#161616&#8243; background_enable_image=&#8220;off&#8220; custom_padding=&#8220;3px|||||&#8220; hover_enabled=&#8220;0&#8243; da_disable_devices=&#8220;off|off|off&#8220; global_colors_info=&#8220;{}&#8220; use_background_color_gradient=&#8220;on&#8220; background_color_gradient_stops=&#8220;#141414 0%|#161616 76%&#8220; sticky_enabled=&#8220;0&#8243; da_is_popup=&#8220;off&#8220; da_exit_intent=&#8220;off&#8220; da_has_close=&#8220;on&#8220; da_alt_close=&#8220;off&#8220; da_dark_close=&#8220;off&#8220; da_not_modal=&#8220;on&#8220; da_is_singular=&#8220;off&#8220; da_with_loader=&#8220;off&#8220; da_has_shadow=&#8220;on&#8220;][et_pb_row column_structure=&#8220;1_3,1_3,1_3&#8243; _builder_version=&#8220;4.20.4&#8243; _module_preset=&#8220;default&#8220; global_colors_info=&#8220;{}&#8220;][et_pb_column type=&#8220;1_3&#8243; _builder_version=&#8220;4.20.4&#8243; _module_preset=&#8220;default&#8220; background_color=&#8220;#FFFFFF&#8220; filter_opacity=&#8220;80%&#8220; border_radii=&#8220;on|9px|9px|9px|9px&#8220; border_width_all=&#8220;30px&#8220; border_color_all=&#8220;#FFFFFF&#8220; box_shadow_style=&#8220;preset1&#8243; box_shadow_spread=&#8220;-8px&#8220; box_shadow_color=&#8220;#FFFFFF&#8220; global_colors_info=&#8220;{}&#8220;][et_pb_image src=&#8220;https:\/\/dev.easychip-server-02.de\/wp-content\/uploads\/2026\/03\/csw-logo-002.jpg&#8220; title_text=&#8220;csw-logo-002&#8243; _builder_version=&#8220;4.20.4&#8243; _module_preset=&#8220;default&#8220; background_enable_color=&#8220;off&#8220; border_radii=&#8220;on|9px|9px|9px|9px&#8220; global_colors_info=&#8220;{}&#8220;][\/et_pb_image][\/et_pb_column][et_pb_column type=&#8220;1_3&#8243; _builder_version=&#8220;4.20.4&#8243; _module_preset=&#8220;default&#8220; background_color=&#8220;#FFFFFF&#8220; filter_opacity=&#8220;80%&#8220; border_radii=&#8220;on|9px|9px|9px|9px&#8220; border_width_all=&#8220;33px&#8220; border_color_all=&#8220;#FFFFFF&#8220; box_shadow_style=&#8220;preset1&#8243; box_shadow_spread=&#8220;-8px&#8220; box_shadow_color=&#8220;#FFFFFF&#8220; global_colors_info=&#8220;{}&#8220;][et_pb_image src=&#8220;https:\/\/dev.easychip-server-02.de\/wp-content\/uploads\/2026\/03\/dialoge.png&#8220; alt=&#8220;Securepeoint Logo&#8220; title_text=&#8220;dialoge&#8220; _builder_version=&#8220;4.20.4&#8243; _module_preset=&#8220;default&#8220; filter_saturate=&#8220;0%&#8220; global_colors_info=&#8220;{}&#8220;][\/et_pb_image][\/et_pb_column][et_pb_column type=&#8220;1_3&#8243; _builder_version=&#8220;4.20.4&#8243; _module_preset=&#8220;default&#8220; background_color=&#8220;#FFFFFF&#8220; filter_opacity=&#8220;80%&#8220; border_radii=&#8220;on|9px|9px|9px|9px&#8220; border_width_all=&#8220;7px&#8220; border_color_all=&#8220;#FFFFFF&#8220; box_shadow_style=&#8220;preset1&#8243; box_shadow_spread=&#8220;-8px&#8220; box_shadow_color=&#8220;#FFFFFF&#8220; global_colors_info=&#8220;{}&#8220;][et_pb_image src=&#8220;https:\/\/dev.easychip-server-02.de\/wp-content\/uploads\/2026\/03\/logo_li-feuerwehr_b300px.jpg&#8220; title_text=&#8220;logo_li-feuerwehr_b300px&#8220; _builder_version=&#8220;4.20.4&#8243; _module_preset=&#8220;default&#8220; background_enable_color=&#8220;off&#8220; filter_saturate=&#8220;0%&#8220; border_radii=&#8220;on|9px|9px|9px|9px&#8220; global_colors_info=&#8220;{}&#8220;][\/et_pb_image][\/et_pb_column][\/et_pb_row][et_pb_row column_structure=&#8220;1_3,1_3,1_3&#8243; _builder_version=&#8220;4.20.4&#8243; _module_preset=&#8220;default&#8220; custom_padding=&#8220;0px||1px|||&#8220; global_colors_info=&#8220;{}&#8220;][et_pb_column type=&#8220;1_3&#8243; _builder_version=&#8220;4.20.4&#8243; _module_preset=&#8220;default&#8220; background_color=&#8220;#FFFFFF&#8220; filter_opacity=&#8220;80%&#8220; border_radii=&#8220;on|9px|9px|9px|9px&#8220; border_width_all=&#8220;30px&#8220; border_color_all=&#8220;#FFFFFF&#8220; box_shadow_style=&#8220;preset1&#8243; box_shadow_spread=&#8220;-8px&#8220; box_shadow_color=&#8220;#FFFFFF&#8220; global_colors_info=&#8220;{}&#8220;][et_pb_image src=&#8220;https:\/\/dev.easychip-server-02.de\/wp-content\/uploads\/2026\/03\/logo.jpg&#8220; title_text=&#8220;logo&#8220; _builder_version=&#8220;4.20.4&#8243; _module_preset=&#8220;default&#8220; background_enable_color=&#8220;off&#8220; filter_saturate=&#8220;0%&#8220; border_radii=&#8220;on|9px|9px|9px|9px&#8220; global_colors_info=&#8220;{}&#8220;][\/et_pb_image][\/et_pb_column][et_pb_column type=&#8220;1_3&#8243; _builder_version=&#8220;4.20.4&#8243; _module_preset=&#8220;default&#8220; background_color=&#8220;#FFFFFF&#8220; filter_opacity=&#8220;80%&#8220; border_radii=&#8220;on|9px|9px|9px|9px&#8220; border_width_all=&#8220;50px&#8220; border_color_all=&#8220;#FFFFFF&#8220; box_shadow_style=&#8220;preset1&#8243; box_shadow_spread=&#8220;-8px&#8220; box_shadow_color=&#8220;#FFFFFF&#8220; global_colors_info=&#8220;{}&#8220;][et_pb_image src=&#8220;https:\/\/dev.easychip-server-02.de\/wp-content\/uploads\/2026\/03\/stadt_lindenberg.jpg&#8220; title_text=&#8220;stadt_lindenberg&#8220; _builder_version=&#8220;4.20.4&#8243; _module_preset=&#8220;default&#8220; background_enable_color=&#8220;off&#8220; filter_saturate=&#8220;0%&#8220; border_radii=&#8220;on|9px|9px|9px|9px&#8220; border_width_all=&#8220;7px&#8220; border_color_all=&#8220;#FFFFFF&#8220; global_colors_info=&#8220;{}&#8220;][\/et_pb_image][\/et_pb_column][et_pb_column type=&#8220;1_3&#8243; _builder_version=&#8220;4.20.4&#8243; _module_preset=&#8220;default&#8220; background_color=&#8220;#FFFFFF&#8220; filter_opacity=&#8220;80%&#8220; border_radii=&#8220;on|9px|9px|9px|9px&#8220; border_width_all=&#8220;50px&#8220; border_color_all=&#8220;#FFFFFF&#8220; box_shadow_style=&#8220;preset1&#8243; box_shadow_spread=&#8220;-8px&#8220; box_shadow_color=&#8220;#FFFFFF&#8220; global_colors_info=&#8220;{}&#8220;][et_pb_image src=&#8220;https:\/\/dev.easychip-server-02.de\/wp-content\/uploads\/2026\/03\/immo-banner.jpg&#8220; title_text=&#8220;|hardcopy|2009\/03\/17 15:06:44yh08s0iFW043CVL&#8220; _builder_version=&#8220;4.20.4&#8243; _module_preset=&#8220;default&#8220; global_colors_info=&#8220;{}&#8220;][\/et_pb_image][\/et_pb_column][\/et_pb_row][et_pb_row column_structure=&#8220;1_3,1_3,1_3&#8243; _builder_version=&#8220;4.20.4&#8243; _module_preset=&#8220;default&#8220; min_height=&#8220;278px&#8220; custom_margin=&#8220;0px|auto||auto||&#8220; custom_padding=&#8220;||0px|||&#8220; global_colors_info=&#8220;{}&#8220;][et_pb_column type=&#8220;1_3&#8243; _builder_version=&#8220;4.20.4&#8243; _module_preset=&#8220;default&#8220; background_color=&#8220;#FFFFFF&#8220; filter_opacity=&#8220;80%&#8220; border_radii=&#8220;on|9px|9px|9px|9px&#8220; border_width_all=&#8220;5px&#8220; border_color_all=&#8220;#FFFFFF&#8220; box_shadow_style=&#8220;preset1&#8243; box_shadow_spread=&#8220;-8px&#8220; box_shadow_color=&#8220;#FFFFFF&#8220; global_colors_info=&#8220;{}&#8220;][et_pb_image src=&#8220;https:\/\/dev.easychip-server-02.de\/wp-content\/uploads\/2026\/03\/transparent_png-scaled.png&#8220; title_text=&#8220;transparent_png&#8220; _builder_version=&#8220;4.20.4&#8243; _module_preset=&#8220;default&#8220; background_enable_color=&#8220;off&#8220; filter_saturate=&#8220;0%&#8220; border_radii=&#8220;on|9px|9px|9px|9px&#8220; global_colors_info=&#8220;{}&#8220;][\/et_pb_image][\/et_pb_column][et_pb_column type=&#8220;1_3&#8243; _builder_version=&#8220;4.20.4&#8243; _module_preset=&#8220;default&#8220; background_color=&#8220;#FFFFFF&#8220; filter_opacity=&#8220;80%&#8220; border_radii=&#8220;on|9px|9px|9px|9px&#8220; border_width_all=&#8220;30px&#8220; border_color_all=&#8220;#FFFFFF&#8220; box_shadow_style=&#8220;preset1&#8243; box_shadow_spread=&#8220;-8px&#8220; box_shadow_color=&#8220;#FFFFFF&#8220; global_colors_info=&#8220;{}&#8220;][et_pb_image src=&#8220;https:\/\/dev.easychip-server-02.de\/wp-content\/uploads\/2026\/03\/logo-haisermann.png&#8220; title_text=&#8220;logo-haisermann&#8220; align=&#8220;center&#8220; _builder_version=&#8220;4.20.4&#8243; _module_preset=&#8220;default&#8220; background_enable_color=&#8220;off&#8220; module_alignment=&#8220;center&#8220; height=&#8220;156px&#8220; filter_saturate=&#8220;0%&#8220; border_radii=&#8220;on|9px|9px|9px|9px&#8220; global_colors_info=&#8220;{}&#8220;][\/et_pb_image][\/et_pb_column][et_pb_column type=&#8220;1_3&#8243; _builder_version=&#8220;4.20.4&#8243; _module_preset=&#8220;default&#8220; background_color=&#8220;#FFFFFF&#8220; filter_opacity=&#8220;80%&#8220; border_radii=&#8220;on|9px|9px|9px|9px&#8220; border_width_all=&#8220;30px&#8220; border_color_all=&#8220;#FFFFFF&#8220; box_shadow_style=&#8220;preset1&#8243; box_shadow_spread=&#8220;-8px&#8220; box_shadow_color=&#8220;#FFFFFF&#8220; global_colors_info=&#8220;{}&#8220;][et_pb_image src=&#8220;https:\/\/dev.easychip-server-02.de\/wp-content\/uploads\/2026\/03\/schriftzug_250.jpg&#8220; title_text=&#8220;schriftzug_250&#8243; align=&#8220;center&#8220; _builder_version=&#8220;4.20.4&#8243; _module_preset=&#8220;default&#8220; background_enable_color=&#8220;off&#8220; height=&#8220;156px&#8220; filter_saturate=&#8220;0%&#8220; border_radii=&#8220;on|9px|9px|9px|9px&#8220; global_colors_info=&#8220;{}&#8220;][\/et_pb_image][\/et_pb_column][\/et_pb_row][et_pb_row column_structure=&#8220;1_3,1_3,1_3&#8243; _builder_version=&#8220;4.20.4&#8243; _module_preset=&#8220;default&#8220; custom_margin=&#8220;-29px|auto||auto||&#8220; global_colors_info=&#8220;{}&#8220;][et_pb_column type=&#8220;1_3&#8243; _builder_version=&#8220;4.20.4&#8243; _module_preset=&#8220;default&#8220; background_color=&#8220;#FFFFFF&#8220; filter_opacity=&#8220;80%&#8220; border_radii=&#8220;on|9px|9px|9px|9px&#8220; border_color_all=&#8220;#FFFFFF&#8220; box_shadow_style=&#8220;preset1&#8243; box_shadow_spread=&#8220;-8px&#8220; box_shadow_color=&#8220;#FFFFFF&#8220; global_colors_info=&#8220;{}&#8220;][et_pb_image src=&#8220;https:\/\/dev.easychip-server-02.de\/wp-content\/uploads\/2026\/03\/camping_und_marina.jpg&#8220; title_text=&#8220;camping_und_marina&#8220; _builder_version=&#8220;4.20.4&#8243; _module_preset=&#8220;default&#8220; background_enable_color=&#8220;off&#8220; filter_saturate=&#8220;0%&#8220; border_radii=&#8220;on|9px|9px|9px|9px&#8220; global_colors_info=&#8220;{}&#8220;][\/et_pb_image][\/et_pb_column][et_pb_column type=&#8220;1_3&#8243; _builder_version=&#8220;4.20.4&#8243; _module_preset=&#8220;default&#8220; background_color=&#8220;#FFFFFF&#8220; filter_opacity=&#8220;80%&#8220; border_radii=&#8220;on|9px|9px|9px|9px&#8220; border_width_all=&#8220;30px&#8220; border_color_all=&#8220;#FFFFFF&#8220; box_shadow_style=&#8220;preset1&#8243; box_shadow_spread=&#8220;-8px&#8220; box_shadow_color=&#8220;#FFFFFF&#8220; global_colors_info=&#8220;{}&#8220;][et_pb_image src=&#8220;https:\/\/dev.easychip-server-02.de\/wp-content\/uploads\/2026\/03\/ideal-garten.jpg&#8220; title_text=&#8220;ideal-garten&#8220; align=&#8220;center&#8220; _builder_version=&#8220;4.20.4&#8243; _module_preset=&#8220;default&#8220; background_enable_color=&#8220;off&#8220; module_alignment=&#8220;center&#8220; height=&#8220;156px&#8220; filter_saturate=&#8220;0%&#8220; border_radii=&#8220;on|9px|9px|9px|9px&#8220; global_colors_info=&#8220;{}&#8220;][\/et_pb_image][\/et_pb_column][et_pb_column type=&#8220;1_3&#8243; _builder_version=&#8220;4.20.4&#8243; _module_preset=&#8220;default&#8220; background_color=&#8220;#FFFFFF&#8220; filter_opacity=&#8220;80%&#8220; border_radii=&#8220;on|9px|9px|9px|9px&#8220; border_width_all=&#8220;30px&#8220; border_color_all=&#8220;#FFFFFF&#8220; box_shadow_style=&#8220;preset1&#8243; box_shadow_spread=&#8220;-8px&#8220; box_shadow_color=&#8220;#FFFFFF&#8220; global_colors_info=&#8220;{}&#8220;][et_pb_image src=&#8220;https:\/\/dev.easychip-server-02.de\/wp-content\/uploads\/2026\/03\/zweiradcenter_nuber.jpg&#8220; title_text=&#8220;zweiradcenter_nuber&#8220; align=&#8220;center&#8220; _builder_version=&#8220;4.20.4&#8243; _module_preset=&#8220;default&#8220; background_enable_color=&#8220;off&#8220; height=&#8220;156px&#8220; filter_saturate=&#8220;0%&#8220; border_radii=&#8220;on|9px|9px|9px|9px&#8220; global_colors_info=&#8220;{}&#8220;][\/et_pb_image][\/et_pb_column][\/et_pb_row][\/et_pb_section]\n","protected":false},"excerpt":{"rendered":"<p>Gemeinsam st\u00e4rker! Partner, auf die wir (und Sie) bauen k\u00f6nnen.In der IT-Welt ist niemand eine Insel. Um Ihnen IT-L\u00f6sungen auf h\u00f6chstem Niveau zu biten, setzen wir auf ein \u00d6kosystem aus Weltmarktf\u00fchrern, innovations-Treibern und speziallisierten Experten<\/p>\n","protected":false},"author":1,"featured_media":0,"parent":0,"menu_order":0,"comment_status":"closed","ping_status":"closed","template":"","meta":{"_et_pb_use_builder":"on","_et_pb_old_content":"","_et_gb_content_width":"","footnotes":""},"class_list":["post-429","page","type-page","status-publish","hentry"],"_links":{"self":[{"href":"https:\/\/dev.easychip-server-02.de\/index.php?rest_route=\/wp\/v2\/pages\/429","targetHints":{"allow":["GET"]}}],"collection":[{"href":"https:\/\/dev.easychip-server-02.de\/index.php?rest_route=\/wp\/v2\/pages"}],"about":[{"href":"https:\/\/dev.easychip-server-02.de\/index.php?rest_route=\/wp\/v2\/types\/page"}],"author":[{"embeddable":true,"href":"https:\/\/dev.easychip-server-02.de\/index.php?rest_route=\/wp\/v2\/users\/1"}],"replies":[{"embeddable":true,"href":"https:\/\/dev.easychip-server-02.de\/index.php?rest_route=%2Fwp%2Fv2%2Fcomments&post=429"}],"version-history":[{"count":6,"href":"https:\/\/dev.easychip-server-02.de\/index.php?rest_route=\/wp\/v2\/pages\/429\/revisions"}],"predecessor-version":[{"id":518,"href":"https:\/\/dev.easychip-server-02.de\/index.php?rest_route=\/wp\/v2\/pages\/429\/revisions\/518"}],"wp:attachment":[{"href":"https:\/\/dev.easychip-server-02.de\/index.php?rest_route=%2Fwp%2Fv2%2Fmedia&parent=429"}],"curies":[{"name":"wp","href":"https:\/\/api.w.org\/{rel}","templated":true}]}}