{"id":477,"date":"2026-03-23T15:44:21","date_gmt":"2026-03-23T15:44:21","guid":{"rendered":"https:\/\/dev.easychip-server-02.de\/?page_id=477"},"modified":"2026-03-24T09:26:57","modified_gmt":"2026-03-24T09:26:57","slug":"webdesign-2","status":"publish","type":"page","link":"https:\/\/dev.easychip-server-02.de\/?page_id=477","title":{"rendered":"Webdesign"},"content":{"rendered":"<p>[et_pb_section fb_built=&#8220;1&#8243; _builder_version=&#8220;4.20.4&#8243; _module_preset=&#8220;default&#8220; background_color=&#8220;#FFFFFF&#8220; background_image=&#8220;https:\/\/dev.easychip-server-02.de\/wp-content\/uploads\/2026\/03\/Design-ohne-Titel7.png&#8220; custom_margin=&#8220;||||false|false&#8220; custom_padding=&#8220;54px||50px||false|false&#8220; da_disable_devices=&#8220;off|off|off&#8220; global_colors_info=&#8220;{}&#8220; da_is_popup=&#8220;off&#8220; da_exit_intent=&#8220;off&#8220; da_has_close=&#8220;on&#8220; da_alt_close=&#8220;off&#8220; da_dark_close=&#8220;off&#8220; da_not_modal=&#8220;on&#8220; da_is_singular=&#8220;off&#8220; da_with_loader=&#8220;off&#8220; da_has_shadow=&#8220;on&#8220;][et_pb_row column_structure=&#8220;1_2,1_2&#8243; _builder_version=&#8220;4.20.4&#8243; _module_preset=&#8220;default&#8220; max_width=&#8220;80%&#8220; global_colors_info=&#8220;{}&#8220;][et_pb_column type=&#8220;1_2&#8243; _builder_version=&#8220;4.20.4&#8243; _module_preset=&#8220;default&#8220; global_colors_info=&#8220;{}&#8220;][et_pb_image src=&#8220;https:\/\/dev.easychip-server-02.de\/wp-content\/uploads\/2026\/03\/Kein-Titel-1200-x-750-px.png&#8220; title_text=&#8220;Kein Titel (1200 x 750 px)&#8220; align=&#8220;center&#8220; _builder_version=&#8220;4.20.4&#8243; _module_preset=&#8220;default&#8220; max_height=&#8220;500px&#8220; global_colors_info=&#8220;{}&#8220;][\/et_pb_image][\/et_pb_column][et_pb_column type=&#8220;1_2&#8243; _builder_version=&#8220;4.20.4&#8243; _module_preset=&#8220;default&#8220; global_colors_info=&#8220;{}&#8220;][et_pb_text _builder_version=&#8220;4.20.4&#8243; _module_preset=&#8220;default&#8220; custom_padding=&#8220;127px|2px||||&#8220; hover_enabled=&#8220;0&#8243; global_colors_info=&#8220;{}&#8220; sticky_enabled=&#8220;0&#8243;]<\/p>\n<h2><span style=\"color: #000000;\"><span style=\"color: #ff7a05;\">Digitaler Erfolg durch <\/span><\/span><\/h2>\n<h2><span style=\"color: #000000;\"><span style=\"color: #ff7a05;\">professionelles Webdesign<\/span><\/span><\/h2>\n<p><span style=\"color: #000000;\"><span style=\"color: #ff7a05;\"><\/span><\/span><\/p>\n<p><span style=\"color: #ffffff;\">Von der Konzeption bis zum Launch &#8211; wir r\u00fccken Ihr Unternehmen digital ins rechte Licht<\/span><span style=\"color: #000000;\"><span style=\"color: #ff7a05;\"><\/span><\/span><\/p>\n<p>[\/et_pb_text][\/et_pb_column][\/et_pb_row][\/et_pb_section][et_pb_section fb_built=&#8220;1&#8243; _builder_version=&#8220;4.20.4&#8243; _module_preset=&#8220;default&#8220; use_background_color_gradient=&#8220;on&#8220; background_color_gradient_direction=&#8220;32deg&#8220; background_color_gradient_stops=&#8220;#161616 0%|rgba(27, 28, 31, 1) 60%|rgba(27, 28, 32, 1) 84%|#1f2128 100%&#8220; custom_margin=&#8220;|20px||10px|false|false&#8220; custom_padding=&#8220;||50px||false|false&#8220; da_disable_devices=&#8220;off|off|off&#8220; global_colors_info=&#8220;{}&#8220; da_is_popup=&#8220;off&#8220; da_exit_intent=&#8220;off&#8220; da_has_close=&#8220;on&#8220; da_alt_close=&#8220;off&#8220; da_dark_close=&#8220;off&#8220; da_not_modal=&#8220;on&#8220; da_is_singular=&#8220;off&#8220; da_with_loader=&#8220;off&#8220; da_has_shadow=&#8220;on&#8220;][et_pb_row column_structure=&#8220;1_6,1_6,1_6,1_2&#8243; _builder_version=&#8220;4.20.4&#8243; _module_preset=&#8220;default&#8220; width=&#8220;90%&#8220; max_width=&#8220;90%&#8220; global_colors_info=&#8220;{}&#8220;][et_pb_column type=&#8220;1_6&#8243; _builder_version=&#8220;4.20.4&#8243; _module_preset=&#8220;default&#8220; global_colors_info=&#8220;{}&#8220;][ba_icon_box icon=&#8220;&#xf5ae;||fa||900&#8243; title=&#8220;Individuelles Disign&#8220; description=&#8220;Ma\u00dfgescheiderte Konzepte f\u00fcr optimale Benutzererfahrung&#8220; icon_color=&#8220;#ff7a05&#8243; icon_width=&#8220;60px&#8220; icon_height=&#8220;60px&#8220; icon_spacing=&#8220;15px&#8220; _builder_version=&#8220;4.20.4&#8243; _module_preset=&#8220;default&#8220; title_font=&#8220;||||||||&#8220; title_font_size=&#8220;1.5rem&#8220; title_line_height=&#8220;1.2em&#8220; description_text_color=&#8220;#FFFFFF&#8220; description_font_size=&#8220;1rem&#8220; description_line_height=&#8220;1.4em&#8220; custom_padding=&#8220;||3px|||&#8220; border_radii_box=&#8220;on|9px|9px|9px|9px&#8220; border_width_all_box=&#8220;0px&#8220; global_colors_info=&#8220;{}&#8220;][\/ba_icon_box][\/et_pb_column][et_pb_column type=&#8220;1_6&#8243; _builder_version=&#8220;4.20.4&#8243; _module_preset=&#8220;default&#8220; global_colors_info=&#8220;{}&#8220;][ba_icon_box icon=&#8220;&#xf121;||fa||900&#8243; title=&#8220;Responsive Entwicklung&#8220; description=&#8220;Websites die auf allen Ger\u00e4ten (Desktop, Mobile) perfekt funktionieren&#8220; icon_color=&#8220;#ff7a05&#8243; icon_width=&#8220;60px&#8220; icon_height=&#8220;60px&#8220; icon_spacing=&#8220;15px&#8220; _builder_version=&#8220;4.20.4&#8243; _module_preset=&#8220;default&#8220; title_font=&#8220;||||||||&#8220; title_font_size=&#8220;1.5rem&#8220; title_line_height=&#8220;1.2em&#8220; description_text_color=&#8220;#FFFFFF&#8220; description_font_size=&#8220;1rem&#8220; description_line_height=&#8220;1.4em&#8220; custom_padding=&#8220;||3px|||&#8220; border_radii_box=&#8220;on|9px|9px|9px|9px&#8220; border_width_all_box=&#8220;0px&#8220; locked=&#8220;off&#8220; global_colors_info=&#8220;{}&#8220;][\/ba_icon_box][\/et_pb_column][et_pb_column type=&#8220;1_6&#8243; _builder_version=&#8220;4.20.4&#8243; _module_preset=&#8220;default&#8220; global_colors_info=&#8220;{}&#8220;][ba_icon_box icon=&#8220;&#xf0a1;||fa||900&#8243; title=&#8220;SEO &#038; Content&#8220; description=&#8220;Optimierung f\u00fcr Suchmaschinen und ansprechende Inhalte&#8220; icon_color=&#8220;#ff7a05&#8243; icon_width=&#8220;60px&#8220; icon_height=&#8220;60px&#8220; icon_spacing=&#8220;15px&#8220; _builder_version=&#8220;4.20.4&#8243; _module_preset=&#8220;default&#8220; title_font=&#8220;||||||||&#8220; title_font_size=&#8220;1.5rem&#8220; title_line_height=&#8220;1.2em&#8220; description_text_color=&#8220;#FFFFFF&#8220; description_font_size=&#8220;1rem&#8220; description_line_height=&#8220;1.4em&#8220; custom_padding=&#8220;||3px|||&#8220; border_radii_box=&#8220;on|9px|9px|9px|9px&#8220; border_width_all_box=&#8220;0px&#8220; locked=&#8220;off&#8220; global_colors_info=&#8220;{}&#8220;][\/ba_icon_box][\/et_pb_column][et_pb_column type=&#8220;1_2&#8243; _builder_version=&#8220;4.20.4&#8243; _module_preset=&#8220;default&#8220; global_colors_info=&#8220;{}&#8220;][\/et_pb_column][\/et_pb_row][\/et_pb_section][et_pb_section fb_built=&#8220;1&#8243; _builder_version=&#8220;4.20.4&#8243; _module_preset=&#8220;default&#8220; background_image=&#8220;https:\/\/dev.easychip-server-02.de\/wp-content\/uploads\/2026\/03\/Design-ohne-Titel6.png&#8220; min_height=&#8220;356px&#8220; custom_padding=&#8220;||3px|||&#8220; da_disable_devices=&#8220;off|off|off&#8220; global_colors_info=&#8220;{}&#8220; da_is_popup=&#8220;off&#8220; da_exit_intent=&#8220;off&#8220; da_has_close=&#8220;on&#8220; da_alt_close=&#8220;off&#8220; da_dark_close=&#8220;off&#8220; da_not_modal=&#8220;on&#8220; da_is_singular=&#8220;off&#8220; da_with_loader=&#8220;off&#8220; da_has_shadow=&#8220;on&#8220;][et_pb_row _builder_version=&#8220;4.20.4&#8243; _module_preset=&#8220;default&#8220; max_width=&#8220;80%&#8220; custom_padding=&#8220;||0px|||&#8220; global_colors_info=&#8220;{}&#8220;][et_pb_column type=&#8220;4_4&#8243; _builder_version=&#8220;4.20.4&#8243; _module_preset=&#8220;default&#8220; global_colors_info=&#8220;{}&#8220;][et_pb_text _builder_version=&#8220;4.20.4&#8243; _module_preset=&#8220;default&#8220; custom_margin=&#8220;||-4px|||&#8220; global_colors_info=&#8220;{}&#8220;]<\/p>\n<h4>Schritt-f\u00fcr-Schritt<\/h4>\n<h2><span style=\"color: #ffffff;\">Unser Prozess<\/span><\/h2>\n<p>[\/et_pb_text][\/et_pb_column][\/et_pb_row][et_pb_row column_structure=&#8220;1_5,1_5,1_5,1_5,1_5&#8243; _builder_version=&#8220;4.20.4&#8243; _module_preset=&#8220;default&#8220; width=&#8220;90%&#8220; max_width=&#8220;95%&#8220; global_colors_info=&#8220;{}&#8220;][et_pb_column type=&#8220;1_5&#8243; _builder_version=&#8220;4.20.4&#8243; _module_preset=&#8220;default&#8220; global_colors_info=&#8220;{}&#8220;][ba_icon_box icon=&#8220;&#x55;||divi||400&#8243; title=&#8220;Analyse&#8220; icon_color=&#8220;#ff7a05&#8243; icon_size=&#8220;80px&#8220; icon_width=&#8220;125px&#8220; icon_height=&#8220;125px&#8220; icon_spacing=&#8220;15px&#8220; _builder_version=&#8220;4.20.4&#8243; _module_preset=&#8220;default&#8220; title_font=&#8220;||||||||&#8220; title_text_color=&#8220;#e2e2e2&#8243; title_font_size=&#8220;1.5rem&#8220; title_line_height=&#8220;1.2em&#8220; description_font_size=&#8220;1rem&#8220; description_line_height=&#8220;1.4em&#8220; custom_margin=&#8220;||-6px|||&#8220; border_radii_icon=&#8220;on|120px|120px|120px|120px&#8220; border_width_all_icon=&#8220;2px&#8220; border_color_all_icon=&#8220;#ff7a05&#8243; border_radii_box=&#8220;on|9px|9px|9px|9px&#8220; border_width_all_box=&#8220;0px&#8220; global_colors_info=&#8220;{}&#8220;][\/ba_icon_box][\/et_pb_column][et_pb_column type=&#8220;1_5&#8243; _builder_version=&#8220;4.20.4&#8243; _module_preset=&#8220;default&#8220; global_colors_info=&#8220;{}&#8220;][ba_icon_box icon=&#8220;&#x68;||divi||400&#8243; title=&#8220;Konzept&#8220; icon_color=&#8220;#ff7a05&#8243; icon_size=&#8220;80px&#8220; icon_width=&#8220;125px&#8220; icon_height=&#8220;125px&#8220; icon_spacing=&#8220;15px&#8220; _builder_version=&#8220;4.20.4&#8243; _module_preset=&#8220;default&#8220; title_font=&#8220;||||||||&#8220; title_text_color=&#8220;#e2e2e2&#8243; title_font_size=&#8220;1.5rem&#8220; title_line_height=&#8220;1.2em&#8220; description_font_size=&#8220;1rem&#8220; description_line_height=&#8220;1.4em&#8220; border_radii_icon=&#8220;on|120px|120px|120px|120px&#8220; border_width_all_icon=&#8220;2px&#8220; border_color_all_icon=&#8220;#ff7a05&#8243; border_radii_box=&#8220;on|9px|9px|9px|9px&#8220; border_width_all_box=&#8220;0px&#8220; locked=&#8220;off&#8220; global_colors_info=&#8220;{}&#8220;][\/ba_icon_box][\/et_pb_column][et_pb_column type=&#8220;1_5&#8243; _builder_version=&#8220;4.20.4&#8243; _module_preset=&#8220;default&#8220; global_colors_info=&#8220;{}&#8220;][ba_icon_box icon=&#8220;&#xf53f;||fa||900&#8243; title=&#8220;design&#8220; icon_color=&#8220;#ff7a05&#8243; icon_size=&#8220;80px&#8220; icon_width=&#8220;125px&#8220; icon_height=&#8220;125px&#8220; icon_spacing=&#8220;15px&#8220; _builder_version=&#8220;4.20.4&#8243; _module_preset=&#8220;default&#8220; title_font=&#8220;||||||||&#8220; title_text_color=&#8220;#e2e2e2&#8243; title_font_size=&#8220;1.5rem&#8220; title_line_height=&#8220;1.2em&#8220; description_font_size=&#8220;1rem&#8220; description_line_height=&#8220;1.4em&#8220; border_radii_icon=&#8220;on|120px|120px|120px|120px&#8220; border_width_all_icon=&#8220;2px&#8220; border_color_all_icon=&#8220;#ff7a05&#8243; border_radii_box=&#8220;on|9px|9px|9px|9px&#8220; border_width_all_box=&#8220;0px&#8220; locked=&#8220;off&#8220; global_colors_info=&#8220;{}&#8220;][\/ba_icon_box][\/et_pb_column][et_pb_column type=&#8220;1_5&#8243; _builder_version=&#8220;4.20.4&#8243; _module_preset=&#8220;default&#8220; global_colors_info=&#8220;{}&#8220;][ba_icon_box icon=&#8220;&#xf085;||fa||900&#8243; title=&#8220;Entwicklung&#8220; icon_color=&#8220;#ff7a05&#8243; icon_size=&#8220;80px&#8220; icon_width=&#8220;125px&#8220; icon_height=&#8220;125px&#8220; icon_spacing=&#8220;15px&#8220; _builder_version=&#8220;4.20.4&#8243; _module_preset=&#8220;default&#8220; title_font=&#8220;||||||||&#8220; title_text_color=&#8220;#e2e2e2&#8243; title_font_size=&#8220;1.5rem&#8220; title_line_height=&#8220;1.2em&#8220; description_font_size=&#8220;1rem&#8220; description_line_height=&#8220;1.4em&#8220; border_radii_icon=&#8220;on|120px|120px|120px|120px&#8220; border_width_all_icon=&#8220;2px&#8220; border_color_all_icon=&#8220;#ff7a05&#8243; border_radii_box=&#8220;on|9px|9px|9px|9px&#8220; border_width_all_box=&#8220;0px&#8220; locked=&#8220;off&#8220; global_colors_info=&#8220;{}&#8220;][\/ba_icon_box][\/et_pb_column][et_pb_column type=&#8220;1_5&#8243; _builder_version=&#8220;4.20.4&#8243; _module_preset=&#8220;default&#8220; global_colors_info=&#8220;{}&#8220;][ba_icon_box icon=&#8220;&#xf135;||fa||900&#8243; title=&#8220;Launch&#8220; icon_color=&#8220;#ff7a05&#8243; icon_size=&#8220;80px&#8220; icon_width=&#8220;125px&#8220; icon_height=&#8220;125px&#8220; icon_spacing=&#8220;15px&#8220; _builder_version=&#8220;4.20.4&#8243; _module_preset=&#8220;default&#8220; title_font=&#8220;||||||||&#8220; title_text_color=&#8220;#e2e2e2&#8243; title_font_size=&#8220;1.5rem&#8220; title_line_height=&#8220;1.2em&#8220; description_font_size=&#8220;1rem&#8220; description_line_height=&#8220;1.4em&#8220; border_radii_icon=&#8220;on|120px|120px|120px|120px&#8220; border_width_all_icon=&#8220;2px&#8220; border_color_all_icon=&#8220;#ff7a05&#8243; border_radii_box=&#8220;on|9px|9px|9px|9px&#8220; border_width_all_box=&#8220;0px&#8220; locked=&#8220;off&#8220; global_colors_info=&#8220;{}&#8220;][\/ba_icon_box][\/et_pb_column][\/et_pb_row][\/et_pb_section][et_pb_section fb_built=&#8220;1&#8243; _builder_version=&#8220;4.20.4&#8243; _module_preset=&#8220;default&#8220; background_color=&#8220;#1e1e1e&#8220; da_disable_devices=&#8220;off|off|off&#8220; global_colors_info=&#8220;{}&#8220; da_is_popup=&#8220;off&#8220; da_exit_intent=&#8220;off&#8220; da_has_close=&#8220;on&#8220; da_alt_close=&#8220;off&#8220; da_dark_close=&#8220;off&#8220; da_not_modal=&#8220;on&#8220; da_is_singular=&#8220;off&#8220; da_with_loader=&#8220;off&#8220; da_has_shadow=&#8220;on&#8220;][et_pb_row column_structure=&#8220;1_2,1_2&#8243; _builder_version=&#8220;4.20.4&#8243; _module_preset=&#8220;default&#8220; width=&#8220;90%&#8220; max_width=&#8220;80%&#8220; global_colors_info=&#8220;{}&#8220;][et_pb_column type=&#8220;1_2&#8243; _builder_version=&#8220;4.20.4&#8243; _module_preset=&#8220;default&#8220; animation_style=&#8220;slide&#8220; animation_direction=&#8220;left&#8220; animation_duration=&#8220;3500ms&#8220; global_colors_info=&#8220;{}&#8220;][et_pb_text _builder_version=&#8220;4.20.4&#8243; _module_preset=&#8220;default&#8220; custom_padding=&#8220;1px|||||&#8220; global_colors_info=&#8220;{}&#8220;]<\/p>\n<h2>Starten Sie Ihr digitales Projekt jetzt!<\/h2>\n<p>Lassen Sie uns gemeinsam Gro\u00dfes schaffen. Kontaktieren Sie uns f\u00fcr ein unverbindliches Erstgespr\u00e4ch.<\/p>\n<p>[\/et_pb_text][\/et_pb_column][et_pb_column type=&#8220;1_2&#8243; _builder_version=&#8220;4.20.4&#8243; _module_preset=&#8220;default&#8220; global_colors_info=&#8220;{}&#8220;][et_pb_button button_text=&#8220;Projekt anfragen&#8220; button_alignment=&#8220;center&#8220; disabled_on=&#8220;on|on|off&#8220; _builder_version=&#8220;4.20.4&#8243; _module_preset=&#8220;default&#8220; custom_button=&#8220;on&#8220; button_text_size=&#8220;25px&#8220; button_text_color=&#8220;#ff7a05&#8243; button_border_width=&#8220;3px&#8220; button_border_radius=&#8220;15px&#8220; button_font=&#8220;||||||||&#8220; button_use_icon=&#8220;off&#8220; transform_scale=&#8220;90%|90%&#8220; transform_translate=&#8220;0px|10px&#8220; transform_translate_linked=&#8220;off&#8220; animation_style=&#8220;slide&#8220; animation_direction=&#8220;right&#8220; animation_duration=&#8220;3500ms&#8220; hover_enabled=&#8220;0&#8243; global_colors_info=&#8220;{}&#8220; button_url=&#8220;mailto: katharina.watermann@easychip.de&#8220; sticky_enabled=&#8220;0&#8243;][\/et_pb_button][\/et_pb_column][\/et_pb_row][\/et_pb_section]<\/p>\n","protected":false},"excerpt":{"rendered":"<p>Digitaler Erfolg durch professionelles Webdesign Von der Konzeption bis zum Launch &#8211; wir r\u00fccken Ihr Unternehmen digital ins rechte Licht<div class=\"et_pb_with_border et_pb_module ba_icon_box ba_icon_box_0\">\n\t\t\t\t\n\t\t\t\t\n\t\t\t\t\n\t\t\t\t\n\t\t\t\t\n\t\t\t\t\n\t\t\t\t<div class=\"et_pb_module_inner\">\n\t\t\t\t\t<div class=\"dtq-module dtq-module-parent dtq-iconbox\">\n                 \n                <div class=\"dtq-iconbox-inner dtq-bg-support\">\n                     <div class=\"dtq-iconbox__icon-wrap\">\n                    <div class=\"dtq-iconbox__icon\">\n                        <i class=\"dtq-icon dtq-et-icon\">&#xf5ae;<\/i>\n                    <\/div>\n                <\/div> <h3 class=\"dtq-iconbox__title\">Individuelles Disign<\/h3> <p class=\"dtq-iconbox__desc\">Ma\u00dfgescheiderte Konzepte f\u00fcr optimale Benutzererfahrung<\/p>\n                <\/div>\n            <\/div>\n\t\t\t\t<\/div>\n\t\t\t<\/div><div class=\"et_pb_module ba_icon_box ba_icon_box_1\">\n\t\t\t\t\n\t\t\t\t\n\t\t\t\t\n\t\t\t\t\n\t\t\t\t\n\t\t\t\t\n\t\t\t\t<div class=\"et_pb_module_inner\">\n\t\t\t\t\t<div class=\"dtq-module dtq-module-parent dtq-iconbox\">\n                 \n                <div class=\"dtq-iconbox-inner dtq-bg-support\">\n                      <h3 class=\"dtq-iconbox__title\">&#8220;Responsive<\/h3> <p class=\"dtq-iconbox__desc\">&#8220;Websites<\/p>\n                <\/div>\n            <\/div>\n\t\t\t\t<\/div>\n\t\t\t<\/div><\/p>\n","protected":false},"author":1,"featured_media":0,"parent":0,"menu_order":0,"comment_status":"closed","ping_status":"closed","template":"","meta":{"_et_pb_use_builder":"on","_et_pb_old_content":"","_et_gb_content_width":"","footnotes":""},"class_list":["post-477","page","type-page","status-publish","hentry"],"_links":{"self":[{"href":"https:\/\/dev.easychip-server-02.de\/index.php?rest_route=\/wp\/v2\/pages\/477","targetHints":{"allow":["GET"]}}],"collection":[{"href":"https:\/\/dev.easychip-server-02.de\/index.php?rest_route=\/wp\/v2\/pages"}],"about":[{"href":"https:\/\/dev.easychip-server-02.de\/index.php?rest_route=\/wp\/v2\/types\/page"}],"author":[{"embeddable":true,"href":"https:\/\/dev.easychip-server-02.de\/index.php?rest_route=\/wp\/v2\/users\/1"}],"replies":[{"embeddable":true,"href":"https:\/\/dev.easychip-server-02.de\/index.php?rest_route=%2Fwp%2Fv2%2Fcomments&post=477"}],"version-history":[{"count":14,"href":"https:\/\/dev.easychip-server-02.de\/index.php?rest_route=\/wp\/v2\/pages\/477\/revisions"}],"predecessor-version":[{"id":513,"href":"https:\/\/dev.easychip-server-02.de\/index.php?rest_route=\/wp\/v2\/pages\/477\/revisions\/513"}],"wp:attachment":[{"href":"https:\/\/dev.easychip-server-02.de\/index.php?rest_route=%2Fwp%2Fv2%2Fmedia&parent=477"}],"curies":[{"name":"wp","href":"https:\/\/api.w.org\/{rel}","templated":true}]}}